{"id":40,"date":"2021-03-29T20:04:27","date_gmt":"2021-03-29T18:04:27","guid":{"rendered":"http:\/\/lamenestrelle.fr\/?page_id=40"},"modified":"2024-06-03T21:26:42","modified_gmt":"2024-06-03T19:26:42","slug":"la-menestrelle","status":"publish","type":"page","link":"https:\/\/lamenestrelle.fr\/index.php\/la-menestrelle\/","title":{"rendered":"La M\u00e9nestrelle"},"content":{"rendered":"\n<p class=\"has-text-align-center\">La M\u00e9nestrelle, qui est-ce?<\/p>\n\n\n\n<div class=\"wp-block-media-text alignwide has-media-on-the-right is-stacked-on-mobile\" style=\"grid-template-columns:auto 25%\"><div class=\"wp-block-media-text__content\">\n<p class=\"has-text-align-center\">Je suis Mathilde Grenon (Barth\u00e9lemy), et c&rsquo;est moi qui porte ce projet. Mon envie, c&rsquo;est d&rsquo;apporter la musique au plus pr\u00e8s des habitants des milieux ruraux (et donc \u00e0 mes voisins \ud83d\ude09 ) qui doivent souvent faire trop de route pour apprendre \u00e0 jouer d&rsquo;un instrument. Mais mon envie, c&rsquo;est aussi de faire pratiquer la musique \u00e0 ceux qui n&rsquo;y ont pas acc\u00e8s car ils ont des difficult\u00e9s \u00e0 se d\u00e9placer ou \u00e0 trouver des structures pr\u00eates \u00e0 les accueillir.<\/p>\n\n\n\n<p class=\"has-text-align-center\">A travers ces quelques lignes, je souhaite me pr\u00e9senter. Quand on d\u00e9marre une activit\u00e9 ou qu&rsquo;on fait venir quelqu&rsquo;un dans sa structure, on aime bien se faire une id\u00e9e !<\/p>\n<\/div><figure class=\"wp-block-media-text__media\"><a href=\"http:\/\/lamenestrelle.fr\/wp-content\/uploads\/2021\/04\/IMG_7015-2-1.jpg\"><img loading=\"lazy\" decoding=\"async\" width=\"919\" height=\"1024\" src=\"http:\/\/lamenestrelle.fr\/wp-content\/uploads\/2021\/04\/IMG_7015-2-1-919x1024.jpg\" alt=\"\" class=\"wp-image-153 size-full\" srcset=\"https:\/\/lamenestrelle.fr\/wp-content\/uploads\/2021\/04\/IMG_7015-2-1-919x1024.jpg 919w, https:\/\/lamenestrelle.fr\/wp-content\/uploads\/2021\/04\/IMG_7015-2-1-269x300.jpg 269w, https:\/\/lamenestrelle.fr\/wp-content\/uploads\/2021\/04\/IMG_7015-2-1-768x855.jpg 768w, https:\/\/lamenestrelle.fr\/wp-content\/uploads\/2021\/04\/IMG_7015-2-1-1379x1536.jpg 1379w, https:\/\/lamenestrelle.fr\/wp-content\/uploads\/2021\/04\/IMG_7015-2-1.jpg 1494w\" sizes=\"auto, (max-width: 919px) 100vw, 919px\" \/><\/a><\/figure><\/div>\n\n\n\n<h2 class=\"wp-block-heading has-text-align-center\">Mes activit\u00e9s<\/h2>\n\n\n\n<p class=\"has-text-align-center\">Musicienne, chanteuse, j&rsquo;ai enseign\u00e9 le chant, le piano, l&rsquo;\u00e9veil musical dans diff\u00e9rentes structures de la r\u00e9gion (<a href=\"https:\/\/www.allegretto-lyon.com\/\">Ecole de musique Allegretto<\/a> \u00e0 Lyon, <a href=\"https:\/\/lafabriquemusicale.com\/\">La Fabrique Musicale<\/a> \u00e0 Heyrieux entre autres). Je suis arriv\u00e9e \u00e0 Faramans (38) en 2020 et souhaite d\u00e9velopper l&rsquo;acc\u00e8s \u00e0 la musique sur ce territoire. Mais mon activit\u00e9 ne s&rsquo;arr\u00eate pas l\u00e0! Je suis \u00e9galement chef de ch\u0153ur, je dirige la chorale <a href=\"https:\/\/estrablin.fr\/en\/as\/1068485\/137087\/chorale-des-julins\" target=\"_blank\" rel=\"noreferrer noopener\">\u00ab\u00a0Les Julins\u00a0\u00bb<\/a> \u00e0 Estrablin. J&rsquo;interviens aussi en cr\u00e8ches pour des activit\u00e9s d&rsquo;\u00e9veil musical, ainsi que dans des lieux qui accueillent les personnes \u00e2g\u00e9es et les personnes en situation de handicap pour de la chorale. Je travaille notamment avec les <a href=\"https:\/\/www.voiron.fr\/education-jeunesse\/petite-enfance\/modes-de-garde\/\">cr\u00e8ches et multi-accueil de la ville de Voiron<\/a>, les <a href=\"https:\/\/lesgarderieland.fr\/\">GarderieLand<\/a> dans le nord-Is\u00e8re et plus proche la <a href=\"https:\/\/fr-fr.facebook.com\/microcreche.babillage\/\">micro-cr\u00e8che Babillage<\/a> \u00e0 La C\u00f4te-Saint-Andr\u00e9 ! J&rsquo;interviens aussi \u00e0 la <a href=\"https:\/\/ville-sous-anjou.fr\/?page_id=147\">R\u00e9sidence Champ\u00e9rin<\/a>, pour des s\u00e9ances de chorale aupr\u00e8s des personnes \u00e2g\u00e9es. Cette passion pour la musique, j&rsquo;aimerais la partager au plus grand nombre pr\u00e8s de chez moi \ud83d\ude42 .<\/p>\n\n\n\n<h2 class=\"wp-block-heading has-text-align-center\">Mon parcours<\/h2>\n\n\n\n<p class=\"has-text-align-center\">Et maintenant, quelques mots sur mon parcours d&rsquo;\u00e9tudes. Je suis originaire de Saint-Etienne, dans la Loire, o\u00f9 j&rsquo;ai baign\u00e9e dans la musique depuis petite. Apr\u00e8s mes d\u00e9buts au sein d&rsquo;un chorale au <a href=\"https:\/\/www.saint-etienne.fr\/culture\/conservatoire-massenet\/actualites\">Conservatoire Massenet<\/a>, j&rsquo;ai pris des cours de piano au <a href=\"https:\/\/www.andrezieux-boutheon.com\/activites-et-loisirs\/culture-et-decouvertes\/le-conservatoire\/\">Conservatoire Fran\u00e7ois Mazoyer<\/a>. Afin de faire de la musique mon m\u00e9tier, j&rsquo;ai continu\u00e9 mes \u00e9tudes de chant et piano au Conservatoire Massenet, en parall\u00e8le d&rsquo;une licence en Musicologie \u00e0 l&rsquo;<a href=\"https:\/\/www.univ-st-etienne.fr\/fr\/formation\/licence-XA\/licence-XA\/licence-musicologie-parcours-musique-et-musicologie-3_02_04_0013_FR.html\">Universit\u00e9 Jean Monnet<\/a>. Ensuite, j&rsquo;ai chang\u00e9 de ville! Je suis all\u00e9e \u00e9tudier la chanson et la direction de ch\u0153ur \u00e0 l&rsquo;<a href=\"https:\/\/www.enm-villeurbanne.fr\/\">Ecole Nationale de Musique de Villeurbanne<\/a>. J&rsquo;ai de plus obtenu un Master 2 Musicologie au <a href=\"https:\/\/lesla.univ-lyon2.fr\/presentation\/centre-de-formation-des-musiciens-intervenants-cfmi\">Centre de Formation des Musiciens Intervenants de Lyon<\/a>. C&rsquo;est pendant mes \u00e9tudes que j&rsquo;ai commenc\u00e9, en 2014, \u00e0 donner des cours et diriger des ch\u0153urs.<\/p>\n\n\n\n<p class=\"has-text-align-center\">Aujourd&rsquo;hui, je suis install\u00e9e \u00e0 la campagne et j&rsquo;ai envie d&rsquo;apporter la musique dans cet endroit l\u00e0, \u00e0 travers une \u00e9cole de musique itin\u00e9rante et aussi des interventions en structure. L&rsquo;\u00e9cole de musique itin\u00e9rante <a href=\"https:\/\/lamenestrelle.fr\/\" target=\"_blank\" rel=\"noreferrer noopener\">La M\u00e9nestrelle<\/a> a pris la route pour la premi\u00e8re fois en septembre 2021, en s&rsquo;installant dans les villages de <a href=\"http:\/\/www.faramans.fr\/\" target=\"_blank\" rel=\"noreferrer noopener\">Faramans<\/a>, <a href=\"https:\/\/www.sardieu.net\/\" target=\"_blank\" rel=\"noreferrer noopener\">Sardieu<\/a> et <a href=\"https:\/\/marcilloles.fr\/\" target=\"_blank\" rel=\"noreferrer noopener\">Marcilloles<\/a>. Petit \u00e0 petit, l&rsquo;activit\u00e9 grandit, et en septembre 2022, vous pourrez \u00e9galement trouver <a href=\"https:\/\/lamenestrelle.fr\/\" target=\"_blank\" rel=\"noreferrer noopener\">La M\u00e9nestrelle<\/a> \u00e0 <a href=\"http:\/\/www.pajay.fr\/\" target=\"_blank\" rel=\"noreferrer noopener\">Pajay<\/a>.<\/p>\n","protected":false},"excerpt":{"rendered":"<p>La M\u00e9nestrelle, qui est-ce? Je suis Mathilde Grenon (Barth\u00e9lemy), et c&rsquo;est moi qui porte ce &hellip; <\/p>\n","protected":false},"author":1,"featured_media":0,"parent":0,"menu_order":0,"comment_status":"closed","ping_status":"closed","template":"","meta":{"cybocfi_hide_featured_image":"","footnotes":""},"class_list":["post-40","page","type-page","status-publish","hentry","latest_post"],"yoast_head":"<!-- This site is optimized with the Yoast SEO plugin v20.7 - https:\/\/yoast.com\/wordpress\/plugins\/seo\/ -->\n<title>La M\u00e9nestrelle - La M\u00e9nestrelle<\/title>\n<meta name=\"description\" content=\"Je suis Mathilde Barth\u00e9lemy, et c&#039;est moi qui porte ce projet. Mon envie, c&#039;est d&#039;apporter la musique au plus pr\u00e8s des habitants des milieux ruraux.\" \/>\n<meta name=\"robots\" content=\"index, follow, max-snippet:-1, max-image-preview:large, max-video-preview:-1\" \/>\n<link rel=\"canonical\" href=\"https:\/\/lamenestrelle.fr\/index.php\/la-menestrelle\/\" \/>\n<meta property=\"og:locale\" content=\"fr_FR\" \/>\n<meta property=\"og:type\" content=\"article\" \/>\n<meta property=\"og:title\" content=\"La M\u00e9nestrelle - La M\u00e9nestrelle\" \/>\n<meta property=\"og:description\" content=\"Je suis Mathilde Barth\u00e9lemy, et c&#039;est moi qui porte ce projet. Mon envie, c&#039;est d&#039;apporter la musique au plus pr\u00e8s des habitants des milieux ruraux.\" \/>\n<meta property=\"og:url\" content=\"https:\/\/lamenestrelle.fr\/index.php\/la-menestrelle\/\" \/>\n<meta property=\"og:site_name\" content=\"La M\u00e9nestrelle\" \/>\n<meta property=\"article:modified_time\" content=\"2024-06-03T19:26:42+00:00\" \/>\n<meta property=\"og:image\" content=\"http:\/\/lamenestrelle.fr\/wp-content\/uploads\/2021\/04\/IMG_7015-2-1-919x1024.jpg\" \/>\n<meta name=\"twitter:card\" content=\"summary_large_image\" \/>\n<meta name=\"twitter:label1\" content=\"Dur\u00e9e de lecture estim\u00e9e\" \/>\n\t<meta name=\"twitter:data1\" content=\"3 minutes\" \/>\n<script type=\"application\/ld+json\" class=\"yoast-schema-graph\">{\"@context\":\"https:\/\/schema.org\",\"@graph\":[{\"@type\":\"WebPage\",\"@id\":\"https:\/\/lamenestrelle.fr\/index.php\/la-menestrelle\/\",\"url\":\"https:\/\/lamenestrelle.fr\/index.php\/la-menestrelle\/\",\"name\":\"La M\u00e9nestrelle - La M\u00e9nestrelle\",\"isPartOf\":{\"@id\":\"https:\/\/lamenestrelle.fr\/#website\"},\"datePublished\":\"2021-03-29T18:04:27+00:00\",\"dateModified\":\"2024-06-03T19:26:42+00:00\",\"description\":\"Je suis Mathilde Barth\u00e9lemy, et c'est moi qui porte ce projet. Mon envie, c'est d'apporter la musique au plus pr\u00e8s des habitants des milieux ruraux.\",\"breadcrumb\":{\"@id\":\"https:\/\/lamenestrelle.fr\/index.php\/la-menestrelle\/#breadcrumb\"},\"inLanguage\":\"fr-FR\",\"potentialAction\":[{\"@type\":\"ReadAction\",\"target\":[\"https:\/\/lamenestrelle.fr\/index.php\/la-menestrelle\/\"]}]},{\"@type\":\"BreadcrumbList\",\"@id\":\"https:\/\/lamenestrelle.fr\/index.php\/la-menestrelle\/#breadcrumb\",\"itemListElement\":[{\"@type\":\"ListItem\",\"position\":1,\"name\":\"Home\",\"item\":\"https:\/\/lamenestrelle.fr\/\"},{\"@type\":\"ListItem\",\"position\":2,\"name\":\"La M\u00e9nestrelle\"}]},{\"@type\":\"WebSite\",\"@id\":\"https:\/\/lamenestrelle.fr\/#website\",\"url\":\"https:\/\/lamenestrelle.fr\/\",\"name\":\"La M\u00e9nestrelle\",\"description\":\"Ecole de musique itin\u00e9rante\",\"publisher\":{\"@id\":\"https:\/\/lamenestrelle.fr\/#organization\"},\"potentialAction\":[{\"@type\":\"SearchAction\",\"target\":{\"@type\":\"EntryPoint\",\"urlTemplate\":\"https:\/\/lamenestrelle.fr\/?s={search_term_string}\"},\"query-input\":\"required name=search_term_string\"}],\"inLanguage\":\"fr-FR\"},{\"@type\":\"Organization\",\"@id\":\"https:\/\/lamenestrelle.fr\/#organization\",\"name\":\"La M\u00e9nestrelle\",\"url\":\"https:\/\/lamenestrelle.fr\/\",\"logo\":{\"@type\":\"ImageObject\",\"inLanguage\":\"fr-FR\",\"@id\":\"https:\/\/lamenestrelle.fr\/#\/schema\/logo\/image\/\",\"url\":\"https:\/\/lamenestrelle.fr\/wp-content\/uploads\/2021\/04\/cropped-Logosanstexte.png\",\"contentUrl\":\"https:\/\/lamenestrelle.fr\/wp-content\/uploads\/2021\/04\/cropped-Logosanstexte.png\",\"width\":230,\"height\":184,\"caption\":\"La M\u00e9nestrelle\"},\"image\":{\"@id\":\"https:\/\/lamenestrelle.fr\/#\/schema\/logo\/image\/\"}}]}<\/script>\n<!-- \/ Yoast SEO plugin. -->","yoast_head_json":{"title":"La M\u00e9nestrelle - La M\u00e9nestrelle","description":"Je suis Mathilde Barth\u00e9lemy, et c'est moi qui porte ce projet. Mon envie, c'est d'apporter la musique au plus pr\u00e8s des habitants des milieux ruraux.","robots":{"index":"index","follow":"follow","max-snippet":"max-snippet:-1","max-image-preview":"max-image-preview:large","max-video-preview":"max-video-preview:-1"},"canonical":"https:\/\/lamenestrelle.fr\/index.php\/la-menestrelle\/","og_locale":"fr_FR","og_type":"article","og_title":"La M\u00e9nestrelle - La M\u00e9nestrelle","og_description":"Je suis Mathilde Barth\u00e9lemy, et c'est moi qui porte ce projet. Mon envie, c'est d'apporter la musique au plus pr\u00e8s des habitants des milieux ruraux.","og_url":"https:\/\/lamenestrelle.fr\/index.php\/la-menestrelle\/","og_site_name":"La M\u00e9nestrelle","article_modified_time":"2024-06-03T19:26:42+00:00","og_image":[{"url":"http:\/\/lamenestrelle.fr\/wp-content\/uploads\/2021\/04\/IMG_7015-2-1-919x1024.jpg"}],"twitter_card":"summary_large_image","twitter_misc":{"Dur\u00e9e de lecture estim\u00e9e":"3 minutes"},"schema":{"@context":"https:\/\/schema.org","@graph":[{"@type":"WebPage","@id":"https:\/\/lamenestrelle.fr\/index.php\/la-menestrelle\/","url":"https:\/\/lamenestrelle.fr\/index.php\/la-menestrelle\/","name":"La M\u00e9nestrelle - La M\u00e9nestrelle","isPartOf":{"@id":"https:\/\/lamenestrelle.fr\/#website"},"datePublished":"2021-03-29T18:04:27+00:00","dateModified":"2024-06-03T19:26:42+00:00","description":"Je suis Mathilde Barth\u00e9lemy, et c'est moi qui porte ce projet. Mon envie, c'est d'apporter la musique au plus pr\u00e8s des habitants des milieux ruraux.","breadcrumb":{"@id":"https:\/\/lamenestrelle.fr\/index.php\/la-menestrelle\/#breadcrumb"},"inLanguage":"fr-FR","potentialAction":[{"@type":"ReadAction","target":["https:\/\/lamenestrelle.fr\/index.php\/la-menestrelle\/"]}]},{"@type":"BreadcrumbList","@id":"https:\/\/lamenestrelle.fr\/index.php\/la-menestrelle\/#breadcrumb","itemListElement":[{"@type":"ListItem","position":1,"name":"Home","item":"https:\/\/lamenestrelle.fr\/"},{"@type":"ListItem","position":2,"name":"La M\u00e9nestrelle"}]},{"@type":"WebSite","@id":"https:\/\/lamenestrelle.fr\/#website","url":"https:\/\/lamenestrelle.fr\/","name":"La M\u00e9nestrelle","description":"Ecole de musique itin\u00e9rante","publisher":{"@id":"https:\/\/lamenestrelle.fr\/#organization"},"potentialAction":[{"@type":"SearchAction","target":{"@type":"EntryPoint","urlTemplate":"https:\/\/lamenestrelle.fr\/?s={search_term_string}"},"query-input":"required name=search_term_string"}],"inLanguage":"fr-FR"},{"@type":"Organization","@id":"https:\/\/lamenestrelle.fr\/#organization","name":"La M\u00e9nestrelle","url":"https:\/\/lamenestrelle.fr\/","logo":{"@type":"ImageObject","inLanguage":"fr-FR","@id":"https:\/\/lamenestrelle.fr\/#\/schema\/logo\/image\/","url":"https:\/\/lamenestrelle.fr\/wp-content\/uploads\/2021\/04\/cropped-Logosanstexte.png","contentUrl":"https:\/\/lamenestrelle.fr\/wp-content\/uploads\/2021\/04\/cropped-Logosanstexte.png","width":230,"height":184,"caption":"La M\u00e9nestrelle"},"image":{"@id":"https:\/\/lamenestrelle.fr\/#\/schema\/logo\/image\/"}}]}},"_links":{"self":[{"href":"https:\/\/lamenestrelle.fr\/index.php\/wp-json\/wp\/v2\/pages\/40","targetHints":{"allow":["GET"]}}],"collection":[{"href":"https:\/\/lamenestrelle.fr\/index.php\/wp-json\/wp\/v2\/pages"}],"about":[{"href":"https:\/\/lamenestrelle.fr\/index.php\/wp-json\/wp\/v2\/types\/page"}],"author":[{"embeddable":true,"href":"https:\/\/lamenestrelle.fr\/index.php\/wp-json\/wp\/v2\/users\/1"}],"replies":[{"embeddable":true,"href":"https:\/\/lamenestrelle.fr\/index.php\/wp-json\/wp\/v2\/comments?post=40"}],"version-history":[{"count":15,"href":"https:\/\/lamenestrelle.fr\/index.php\/wp-json\/wp\/v2\/pages\/40\/revisions"}],"predecessor-version":[{"id":488,"href":"https:\/\/lamenestrelle.fr\/index.php\/wp-json\/wp\/v2\/pages\/40\/revisions\/488"}],"wp:attachment":[{"href":"https:\/\/lamenestrelle.fr\/index.php\/wp-json\/wp\/v2\/media?parent=40"}],"curies":[{"name":"wp","href":"https:\/\/api.w.org\/{rel}","templated":true}]}}