{"id":29,"date":"2021-03-29T20:01:54","date_gmt":"2021-03-29T18:01:54","guid":{"rendered":"http:\/\/lamenestrelle.fr\/?page_id=29"},"modified":"2025-05-03T07:18:14","modified_gmt":"2025-05-03T05:18:14","slug":"inscriptions","status":"publish","type":"page","link":"https:\/\/lamenestrelle.fr\/index.php\/inscriptions\/","title":{"rendered":"Inscriptions"},"content":{"rendered":"\n<p class=\"has-text-align-center\">Les inscriptions \u00e0 La M\u00e9nestrelle, Ecole de musique itin\u00e9rante commencent le lundi 26 mai 2025 pour les anciens \u00e9l\u00e8ves =) et le lundi 16 juin pour les nouveaux !<\/p>\n\n\n\n<p class=\"has-text-align-center\">La M\u00e9nestrelle sera pr\u00e9sente les mercredis toute la journ\u00e9e \u00e0 Faramans avec un cours d&rsquo;<a href=\"https:\/\/lamenestrelle.fr\/index.php\/enseignements\/eveil-musical\/\"><strong>\u00e9veil musical<\/strong><\/a> de 9h15 \u00e0 10h00, des cours individuels de piano et de chant, le <a href=\"https:\/\/lamenestrelle.fr\/index.php\/choeurs\/\"><strong>ch\u0153ur voyageur<\/strong><\/a> de 17h30 \u00e0 18h30. Tout au long de l&rsquo;ann\u00e9e, des s\u00e9ances ponctuelles pour <a href=\"https:\/\/lamenestrelle.fr\/index.php\/enseignements\/eveil-musical\/\"><strong>Les oreilles en \u00e9veil<\/strong><\/a> (ateliers parents-enfants pour les 0-3 ans) seront propos\u00e9es.<\/p>\n\n\n\n<h2 class=\"wp-block-heading has-text-align-center\">Quelles sont les modalit\u00e9s d&rsquo;inscription?<\/h2>\n\n\n\n<p class=\"has-text-align-center\">Une inscription se fait sur l&rsquo;<span style=\"color:#acdfcd\" class=\"has-inline-color\">ann\u00e9e scolaire<\/span>. Vous trouverez joint au r\u00e8glement int\u00e9rieur un calendrier des semaines de cours.<\/p>\n\n\n\n<p class=\"has-text-align-center\">Pour que votre inscription soit valid\u00e9e, vous devez avoir rempli le formulaire d&rsquo;inscription ci-dessous, sign\u00e9 le r\u00e8glement int\u00e9rieur et r\u00e9gl\u00e9 l&rsquo;inscription. Vous avez la possibilit\u00e9 de payer en plusieurs fois (voir la rubrique \u00ab\u00a0Tarifs\u00a0\u00bb ci-dessous).<\/p>\n\n\n\n<p class=\"has-text-align-center\">Vous pouvez d&rsquo;ores et d\u00e9j\u00e0 m&rsquo;envoyer par mail \u00e0 votre formulaire d&rsquo;inscription et votre r\u00e8glement int\u00e9rieur sign\u00e9, \u00e0 l&rsquo;adresse: <mark style=\"background-color:rgba(0, 0, 0, 0);color:#acdfcd\" class=\"has-inline-color\">contact@lamenestrelle.fr<\/mark> . Ainsi je vous recontacterai afin de pouvoir r\u00e9cup\u00e9rer le r\u00e8glement.<\/p>\n\n\n\n<p class=\"has-text-align-center\">Vous pouvez payer en esp\u00e8ces, ch\u00e8ques ou ch\u00e8ques vacances.<\/p>\n\n\n\n<p class=\"has-text-align-center\"><mark style=\"background-color:rgba(0, 0, 0, 0);color:#acdfcd\" class=\"has-inline-color\">Plus vous vous inscrirez t\u00f4t, plus vous \u00eates s\u00fbrs d&rsquo;avoir une place =) !<\/mark><\/p>\n\n\n\n<div class=\"wp-block-columns is-layout-flex wp-container-core-columns-is-layout-9d6595d7 wp-block-columns-is-layout-flex\">\n<div class=\"wp-block-column is-layout-flow wp-block-column-is-layout-flow\"><div class=\"wp-block-image\">\n<figure class=\"aligncenter size-large is-resized\"><a href=\"https:\/\/lamenestrelle.fr\/wp-content\/uploads\/2025\/05\/Formulaireinscription2025-2026.pdf\"><img loading=\"lazy\" decoding=\"async\" width=\"640\" height=\"640\" src=\"http:\/\/lamenestrelle.fr\/wp-content\/uploads\/2021\/06\/document-icone-2-pdf-Copie.png\" alt=\"\" class=\"wp-image-250\" style=\"width:139px;height:139px\" srcset=\"https:\/\/lamenestrelle.fr\/wp-content\/uploads\/2021\/06\/document-icone-2-pdf-Copie.png 640w, https:\/\/lamenestrelle.fr\/wp-content\/uploads\/2021\/06\/document-icone-2-pdf-Copie-300x300.png 300w, https:\/\/lamenestrelle.fr\/wp-content\/uploads\/2021\/06\/document-icone-2-pdf-Copie-150x150.png 150w\" sizes=\"auto, (max-width: 640px) 100vw, 640px\" \/><\/a><figcaption class=\"wp-element-caption\"><a href=\"https:\/\/lamenestrelle.fr\/wp-content\/uploads\/2025\/05\/Formulaireinscription2025-2026.pdf\">Formulaire d&rsquo;inscription<\/a><\/figcaption><\/figure><\/div><\/div>\n\n\n\n<div class=\"wp-block-column is-layout-flow wp-block-column-is-layout-flow\"><div class=\"wp-block-image\">\n<figure class=\"aligncenter size-large is-resized\"><a href=\"https:\/\/lamenestrelle.fr\/wp-content\/uploads\/2025\/05\/Reglementinterieur_droitimage_2025-2026.pdf\" target=\"_blank\" rel=\"noopener\"><img loading=\"lazy\" decoding=\"async\" width=\"640\" height=\"640\" src=\"http:\/\/lamenestrelle.fr\/wp-content\/uploads\/2021\/06\/document-icone-2-pdf.png\" alt=\"\" class=\"wp-image-245\" style=\"width:144px;height:144px\" srcset=\"https:\/\/lamenestrelle.fr\/wp-content\/uploads\/2021\/06\/document-icone-2-pdf.png 640w, https:\/\/lamenestrelle.fr\/wp-content\/uploads\/2021\/06\/document-icone-2-pdf-300x300.png 300w, https:\/\/lamenestrelle.fr\/wp-content\/uploads\/2021\/06\/document-icone-2-pdf-150x150.png 150w\" sizes=\"auto, (max-width: 640px) 100vw, 640px\" \/><\/a><figcaption class=\"wp-element-caption\"><a href=\"https:\/\/lamenestrelle.fr\/wp-content\/uploads\/2025\/05\/Reglementinterieur_droitimage_2025-2026.pdf\">R\u00e8glement int\u00e9rieur<\/a><\/figcaption><\/figure><\/div><\/div>\n<\/div>\n\n\n\n<h2 class=\"wp-block-heading has-text-align-center\">Tarifs annuels<\/h2>\n\n\n\n<figure class=\"wp-block-table\"><table><tbody><tr><td class=\"has-text-align-center\" data-align=\"center\">Les oreilles en \u00e9veil<\/td><td class=\"has-text-align-center\" data-align=\"center\">Eveil musical<\/td><td class=\"has-text-align-center\" data-align=\"center\">Ch\u0153ur voyageur<\/td><td class=\"has-text-align-center\" data-align=\"center\">Piano ou chant 30 min. individuel<\/td><td class=\"has-text-align-center\" data-align=\"center\">Piano ou chant 45 min. \u00e0 2<\/td><\/tr><tr><td class=\"has-text-align-center\" data-align=\"center\">15\u20ac\/atelier<\/td><td class=\"has-text-align-center\" data-align=\"center\">210\u20ac\/enfant<\/td><td class=\"has-text-align-center\" data-align=\"center\">260\u20ac\/\u00e9l\u00e8ve<\/td><td class=\"has-text-align-center\" data-align=\"center\">390\u20ac\/\u00e9l\u00e8ve<\/td><td class=\"has-text-align-center\" data-align=\"center\">320\u20ac\/\u00e9l\u00e8ve<\/td><\/tr><\/tbody><\/table><\/figure>\n\n\n\n<p>Vous avez la possibilit\u00e9 de payer en plusieurs fois :<\/p>\n\n\n\n<ul class=\"wp-block-list\">\n<li>paiement en 3 fois par ch\u00e8ques : remise des trois ch\u00e8ques au moment de l&rsquo;inscription, et encaissement des ch\u00e8ques d\u00e9but octobre, d\u00e9but janvier et d\u00e9but avril<\/li>\n\n\n\n<li>paiement en 8 fois par ch\u00e8ques : remise des 10 ch\u00e8ques au moment de l&rsquo;inscription, et encaissement du premier ch\u00e8que mi-septembre puis au d\u00e9but de chaque mois jusqu&rsquo;au mois de juin<\/li>\n<\/ul>\n\n\n\n<p class=\"has-text-align-center\">Si vous souhaitez que vos ch\u00e8ques soient encaiss\u00e9s \u00e0 d&rsquo;autres moments, merci de m&rsquo;en faire part. Je peux \u00e9galement vous \u00e9diter une facture.<\/p>\n","protected":false},"excerpt":{"rendered":"<p>Les inscriptions \u00e0 La M\u00e9nestrelle, Ecole de musique itin\u00e9rante commencent le lundi 26 mai 2025 &hellip; <\/p>\n","protected":false},"author":1,"featured_media":0,"parent":0,"menu_order":0,"comment_status":"closed","ping_status":"closed","template":"","meta":{"cybocfi_hide_featured_image":"","footnotes":""},"class_list":["post-29","page","type-page","status-publish","hentry","latest_post"],"yoast_head":"<!-- This site is optimized with the Yoast SEO plugin v20.7 - https:\/\/yoast.com\/wordpress\/plugins\/seo\/ -->\n<title>Inscriptions - La M\u00e9nestrelle<\/title>\n<meta name=\"description\" content=\"Les inscriptions \u00e0 La M\u00e9nestrelle, Ecole de musique itin\u00e9rante commencent le lundi 26 mai 2025 =) !\" \/>\n<meta name=\"robots\" content=\"index, follow, max-snippet:-1, max-image-preview:large, max-video-preview:-1\" \/>\n<link rel=\"canonical\" href=\"https:\/\/lamenestrelle.fr\/index.php\/inscriptions\/\" \/>\n<meta property=\"og:locale\" content=\"fr_FR\" \/>\n<meta property=\"og:type\" content=\"article\" \/>\n<meta property=\"og:title\" content=\"Inscriptions - La M\u00e9nestrelle\" \/>\n<meta property=\"og:description\" content=\"Les inscriptions \u00e0 La M\u00e9nestrelle, Ecole de musique itin\u00e9rante commencent le lundi 26 mai 2025 =) !\" \/>\n<meta property=\"og:url\" content=\"https:\/\/lamenestrelle.fr\/index.php\/inscriptions\/\" \/>\n<meta property=\"og:site_name\" content=\"La M\u00e9nestrelle\" \/>\n<meta property=\"article:modified_time\" content=\"2025-05-03T05:18:14+00:00\" \/>\n<meta property=\"og:image\" content=\"http:\/\/lamenestrelle.fr\/wp-content\/uploads\/2021\/06\/document-icone-2-pdf-Copie.png\" \/>\n<meta name=\"twitter:card\" content=\"summary_large_image\" \/>\n<meta name=\"twitter:label1\" content=\"Dur\u00e9e de lecture estim\u00e9e\" \/>\n\t<meta name=\"twitter:data1\" content=\"3 minutes\" \/>\n<script type=\"application\/ld+json\" class=\"yoast-schema-graph\">{\"@context\":\"https:\/\/schema.org\",\"@graph\":[{\"@type\":\"WebPage\",\"@id\":\"https:\/\/lamenestrelle.fr\/index.php\/inscriptions\/\",\"url\":\"https:\/\/lamenestrelle.fr\/index.php\/inscriptions\/\",\"name\":\"Inscriptions - La M\u00e9nestrelle\",\"isPartOf\":{\"@id\":\"https:\/\/lamenestrelle.fr\/#website\"},\"datePublished\":\"2021-03-29T18:01:54+00:00\",\"dateModified\":\"2025-05-03T05:18:14+00:00\",\"description\":\"Les inscriptions \u00e0 La M\u00e9nestrelle, Ecole de musique itin\u00e9rante commencent le lundi 26 mai 2025 =) !\",\"breadcrumb\":{\"@id\":\"https:\/\/lamenestrelle.fr\/index.php\/inscriptions\/#breadcrumb\"},\"inLanguage\":\"fr-FR\",\"potentialAction\":[{\"@type\":\"ReadAction\",\"target\":[\"https:\/\/lamenestrelle.fr\/index.php\/inscriptions\/\"]}]},{\"@type\":\"BreadcrumbList\",\"@id\":\"https:\/\/lamenestrelle.fr\/index.php\/inscriptions\/#breadcrumb\",\"itemListElement\":[{\"@type\":\"ListItem\",\"position\":1,\"name\":\"Home\",\"item\":\"https:\/\/lamenestrelle.fr\/\"},{\"@type\":\"ListItem\",\"position\":2,\"name\":\"Inscriptions\"}]},{\"@type\":\"WebSite\",\"@id\":\"https:\/\/lamenestrelle.fr\/#website\",\"url\":\"https:\/\/lamenestrelle.fr\/\",\"name\":\"La M\u00e9nestrelle\",\"description\":\"Ecole de musique itin\u00e9rante\",\"publisher\":{\"@id\":\"https:\/\/lamenestrelle.fr\/#organization\"},\"potentialAction\":[{\"@type\":\"SearchAction\",\"target\":{\"@type\":\"EntryPoint\",\"urlTemplate\":\"https:\/\/lamenestrelle.fr\/?s={search_term_string}\"},\"query-input\":\"required name=search_term_string\"}],\"inLanguage\":\"fr-FR\"},{\"@type\":\"Organization\",\"@id\":\"https:\/\/lamenestrelle.fr\/#organization\",\"name\":\"La M\u00e9nestrelle\",\"url\":\"https:\/\/lamenestrelle.fr\/\",\"logo\":{\"@type\":\"ImageObject\",\"inLanguage\":\"fr-FR\",\"@id\":\"https:\/\/lamenestrelle.fr\/#\/schema\/logo\/image\/\",\"url\":\"https:\/\/lamenestrelle.fr\/wp-content\/uploads\/2021\/04\/cropped-Logosanstexte.png\",\"contentUrl\":\"https:\/\/lamenestrelle.fr\/wp-content\/uploads\/2021\/04\/cropped-Logosanstexte.png\",\"width\":230,\"height\":184,\"caption\":\"La M\u00e9nestrelle\"},\"image\":{\"@id\":\"https:\/\/lamenestrelle.fr\/#\/schema\/logo\/image\/\"}}]}<\/script>\n<!-- \/ Yoast SEO plugin. -->","yoast_head_json":{"title":"Inscriptions - La M\u00e9nestrelle","description":"Les inscriptions \u00e0 La M\u00e9nestrelle, Ecole de musique itin\u00e9rante commencent le lundi 26 mai 2025 =) !","robots":{"index":"index","follow":"follow","max-snippet":"max-snippet:-1","max-image-preview":"max-image-preview:large","max-video-preview":"max-video-preview:-1"},"canonical":"https:\/\/lamenestrelle.fr\/index.php\/inscriptions\/","og_locale":"fr_FR","og_type":"article","og_title":"Inscriptions - La M\u00e9nestrelle","og_description":"Les inscriptions \u00e0 La M\u00e9nestrelle, Ecole de musique itin\u00e9rante commencent le lundi 26 mai 2025 =) !","og_url":"https:\/\/lamenestrelle.fr\/index.php\/inscriptions\/","og_site_name":"La M\u00e9nestrelle","article_modified_time":"2025-05-03T05:18:14+00:00","og_image":[{"url":"http:\/\/lamenestrelle.fr\/wp-content\/uploads\/2021\/06\/document-icone-2-pdf-Copie.png"}],"twitter_card":"summary_large_image","twitter_misc":{"Dur\u00e9e de lecture estim\u00e9e":"3 minutes"},"schema":{"@context":"https:\/\/schema.org","@graph":[{"@type":"WebPage","@id":"https:\/\/lamenestrelle.fr\/index.php\/inscriptions\/","url":"https:\/\/lamenestrelle.fr\/index.php\/inscriptions\/","name":"Inscriptions - La M\u00e9nestrelle","isPartOf":{"@id":"https:\/\/lamenestrelle.fr\/#website"},"datePublished":"2021-03-29T18:01:54+00:00","dateModified":"2025-05-03T05:18:14+00:00","description":"Les inscriptions \u00e0 La M\u00e9nestrelle, Ecole de musique itin\u00e9rante commencent le lundi 26 mai 2025 =) !","breadcrumb":{"@id":"https:\/\/lamenestrelle.fr\/index.php\/inscriptions\/#breadcrumb"},"inLanguage":"fr-FR","potentialAction":[{"@type":"ReadAction","target":["https:\/\/lamenestrelle.fr\/index.php\/inscriptions\/"]}]},{"@type":"BreadcrumbList","@id":"https:\/\/lamenestrelle.fr\/index.php\/inscriptions\/#breadcrumb","itemListElement":[{"@type":"ListItem","position":1,"name":"Home","item":"https:\/\/lamenestrelle.fr\/"},{"@type":"ListItem","position":2,"name":"Inscriptions"}]},{"@type":"WebSite","@id":"https:\/\/lamenestrelle.fr\/#website","url":"https:\/\/lamenestrelle.fr\/","name":"La M\u00e9nestrelle","description":"Ecole de musique itin\u00e9rante","publisher":{"@id":"https:\/\/lamenestrelle.fr\/#organization"},"potentialAction":[{"@type":"SearchAction","target":{"@type":"EntryPoint","urlTemplate":"https:\/\/lamenestrelle.fr\/?s={search_term_string}"},"query-input":"required name=search_term_string"}],"inLanguage":"fr-FR"},{"@type":"Organization","@id":"https:\/\/lamenestrelle.fr\/#organization","name":"La M\u00e9nestrelle","url":"https:\/\/lamenestrelle.fr\/","logo":{"@type":"ImageObject","inLanguage":"fr-FR","@id":"https:\/\/lamenestrelle.fr\/#\/schema\/logo\/image\/","url":"https:\/\/lamenestrelle.fr\/wp-content\/uploads\/2021\/04\/cropped-Logosanstexte.png","contentUrl":"https:\/\/lamenestrelle.fr\/wp-content\/uploads\/2021\/04\/cropped-Logosanstexte.png","width":230,"height":184,"caption":"La M\u00e9nestrelle"},"image":{"@id":"https:\/\/lamenestrelle.fr\/#\/schema\/logo\/image\/"}}]}},"_links":{"self":[{"href":"https:\/\/lamenestrelle.fr\/index.php\/wp-json\/wp\/v2\/pages\/29","targetHints":{"allow":["GET"]}}],"collection":[{"href":"https:\/\/lamenestrelle.fr\/index.php\/wp-json\/wp\/v2\/pages"}],"about":[{"href":"https:\/\/lamenestrelle.fr\/index.php\/wp-json\/wp\/v2\/types\/page"}],"author":[{"embeddable":true,"href":"https:\/\/lamenestrelle.fr\/index.php\/wp-json\/wp\/v2\/users\/1"}],"replies":[{"embeddable":true,"href":"https:\/\/lamenestrelle.fr\/index.php\/wp-json\/wp\/v2\/comments?post=29"}],"version-history":[{"count":24,"href":"https:\/\/lamenestrelle.fr\/index.php\/wp-json\/wp\/v2\/pages\/29\/revisions"}],"predecessor-version":[{"id":493,"href":"https:\/\/lamenestrelle.fr\/index.php\/wp-json\/wp\/v2\/pages\/29\/revisions\/493"}],"wp:attachment":[{"href":"https:\/\/lamenestrelle.fr\/index.php\/wp-json\/wp\/v2\/media?parent=29"}],"curies":[{"name":"wp","href":"https:\/\/api.w.org\/{rel}","templated":true}]}}